{"id":101,"date":"2014-02-22T13:50:49","date_gmt":"2014-02-22T13:50:49","guid":{"rendered":"http:\/\/vszellerndorf.ac.at\/wordpress\/?page_id=101"},"modified":"2015-10-18T09:45:15","modified_gmt":"2015-10-18T08:45:15","slug":"paedagogische-schwerpunkte","status":"publish","type":"page","link":"https:\/\/vszellerndorf.ac.at\/wordpress\/schule\/paedagogische-schwerpunkte\/","title":{"rendered":"P\u00e4dagogische Schwerpunkte"},"content":{"rendered":"<ul>\n<li><span style=\"color: #000000;\"><span style=\"font-family: Calibri;\">Begabung- und Begabtenf\u00f6rderung<\/span><\/span><\/li>\n<li><span style=\"color: #000000;\"><span style=\"font-family: Calibri;\">Wertebewusstsein<\/span><\/span><\/li>\n<li><span style=\"color: #000000;\"><span style=\"font-family: Calibri;\">Offene Lernphasen<\/span><\/span><\/li>\n<li><span style=\"color: #000000;\"><span style=\"font-family: Calibri;\">Klassen\u00fcbergreifendes Arbeiten<\/span><\/span><\/li>\n<li><span style=\"color: #000000;\"><span style=\"font-family: Calibri;\">Freiarbeit<\/span><\/span><\/li>\n<li><span style=\"color: #000000;\"><span style=\"font-family: Calibri;\">Differenzierter Unterricht<\/span><\/span><\/li>\n<li><span style=\"color: #000000;\"><span style=\"font-family: Calibri;\">Individualisierter Unterricht<\/span><\/span><\/li>\n<li><span style=\"color: #000000;\"><span style=\"font-family: Calibri;\">Bewegter Unterricht<\/span><\/span><\/li>\n<li><span style=\"color: #000000;\"><span style=\"font-family: Calibri;\">vielf\u00e4ltige Leseerziehung<\/span><\/span><\/li>\n<li><span style=\"color: #000000;\"><span style=\"font-family: Calibri;\">Projektarbeit<\/span><\/span><\/li>\n<li><span style=\"color: #000000;\"><span style=\"font-family: Calibri;\">Organisation und Durchf\u00fchrung von Festen <\/span><\/span><\/li>\n<li><span style=\"color: #000000;\"><span style=\"font-family: Calibri;\">Vorschulische Arbeit<\/span><\/span><\/li>\n<li><span style=\"color: #000000;\"><span style=\"font-family: Calibri;\">Gewaltpr\u00e4vention <\/span><\/span><\/li>\n<li><span style=\"color: #000000;\"><span style=\"font-family: Calibri;\">Gesundheitserziehung<\/span><\/span><\/li>\n<\/ul>\n","protected":false},"excerpt":{"rendered":"<p>Begabung- und Begabtenf\u00f6rderung Wertebewusstsein Offene Lernphasen Klassen\u00fcbergreifendes Arbeiten Freiarbeit Differenzierter Unterricht Individualisierter Unterricht Bewegter Unterricht vielf\u00e4ltige Leseerziehung Projektarbeit Organisation und Durchf\u00fchrung von Festen Vorschulische Arbeit Gewaltpr\u00e4vention Gesundheitserziehung<\/p>\n","protected":false},"author":2,"featured_media":0,"parent":64,"menu_order":0,"comment_status":"closed","ping_status":"closed","template":"","meta":{"_regular_price":[],"currency_symbol":[],"footnotes":""},"class_list":["post-101","page","type-page","status-publish","hentry"],"post_slider_layout_featured_media_urls":{"thumbnail":"","post_slider_layout_landscape_large":"","post_slider_layout_portrait_large":"","post_slider_layout_square_large":"","post_slider_layout_landscape":"","post_slider_layout_portrait":"","post_slider_layout_square":"","full":""},"_links":{"self":[{"href":"https:\/\/vszellerndorf.ac.at\/wordpress\/wp-json\/wp\/v2\/pages\/101","targetHints":{"allow":["GET"]}}],"collection":[{"href":"https:\/\/vszellerndorf.ac.at\/wordpress\/wp-json\/wp\/v2\/pages"}],"about":[{"href":"https:\/\/vszellerndorf.ac.at\/wordpress\/wp-json\/wp\/v2\/types\/page"}],"author":[{"embeddable":true,"href":"https:\/\/vszellerndorf.ac.at\/wordpress\/wp-json\/wp\/v2\/users\/2"}],"replies":[{"embeddable":true,"href":"https:\/\/vszellerndorf.ac.at\/wordpress\/wp-json\/wp\/v2\/comments?post=101"}],"version-history":[{"count":2,"href":"https:\/\/vszellerndorf.ac.at\/wordpress\/wp-json\/wp\/v2\/pages\/101\/revisions"}],"predecessor-version":[{"id":712,"href":"https:\/\/vszellerndorf.ac.at\/wordpress\/wp-json\/wp\/v2\/pages\/101\/revisions\/712"}],"up":[{"embeddable":true,"href":"https:\/\/vszellerndorf.ac.at\/wordpress\/wp-json\/wp\/v2\/pages\/64"}],"wp:attachment":[{"href":"https:\/\/vszellerndorf.ac.at\/wordpress\/wp-json\/wp\/v2\/media?parent=101"}],"curies":[{"name":"wp","href":"https:\/\/api.w.org\/{rel}","templated":true}]}}