{"id":233,"date":"2014-05-04T18:55:32","date_gmt":"2014-05-04T18:55:32","guid":{"rendered":"http:\/\/vszellerndorf.ac.at\/wordpress\/?page_id=233"},"modified":"2020-09-22T10:13:50","modified_gmt":"2020-09-22T09:13:50","slug":"nachmittagsbetreuung","status":"publish","type":"page","link":"https:\/\/vszellerndorf.ac.at\/wordpress\/schule\/nachmittagsbetreuung\/","title":{"rendered":"Nachmittagsbetreuung"},"content":{"rendered":"<p style=\"text-align: justify;\">Die Nachmittagsbetreuung wird unter der p\u00e4dagogischen Leitung von Frau <b>Astrid Weil\u00e4nder<\/b><\/p>\n<p style=\"text-align: justify;\">Die Nachmittagsbetreuung findet in den neu adaptierten R\u00e4umen der VS Montag bis Donnerstag von 11:00 \u2013 17:00 und Freitag von 11:00 \u2013 16:35 statt.<\/p>\n","protected":false},"excerpt":{"rendered":"<p>Die Nachmittagsbetreuung wird unter der p\u00e4dagogischen Leitung von Frau Astrid Weil\u00e4nder Die Nachmittagsbetreuung findet in den neu adaptierten R\u00e4umen der VS Montag bis Donnerstag von 11:00 \u2013 17:00 und Freitag von 11:00 \u2013 16:35 statt.<\/p>\n","protected":false},"author":1,"featured_media":0,"parent":64,"menu_order":0,"comment_status":"closed","ping_status":"closed","template":"","meta":{"_regular_price":[],"currency_symbol":[],"footnotes":""},"class_list":["post-233","page","type-page","status-publish","hentry"],"post_slider_layout_featured_media_urls":{"thumbnail":"","post_slider_layout_landscape_large":"","post_slider_layout_portrait_large":"","post_slider_layout_square_large":"","post_slider_layout_landscape":"","post_slider_layout_portrait":"","post_slider_layout_square":"","full":""},"_links":{"self":[{"href":"https:\/\/vszellerndorf.ac.at\/wordpress\/wp-json\/wp\/v2\/pages\/233","targetHints":{"allow":["GET"]}}],"collection":[{"href":"https:\/\/vszellerndorf.ac.at\/wordpress\/wp-json\/wp\/v2\/pages"}],"about":[{"href":"https:\/\/vszellerndorf.ac.at\/wordpress\/wp-json\/wp\/v2\/types\/page"}],"author":[{"embeddable":true,"href":"https:\/\/vszellerndorf.ac.at\/wordpress\/wp-json\/wp\/v2\/users\/1"}],"replies":[{"embeddable":true,"href":"https:\/\/vszellerndorf.ac.at\/wordpress\/wp-json\/wp\/v2\/comments?post=233"}],"version-history":[{"count":12,"href":"https:\/\/vszellerndorf.ac.at\/wordpress\/wp-json\/wp\/v2\/pages\/233\/revisions"}],"predecessor-version":[{"id":1974,"href":"https:\/\/vszellerndorf.ac.at\/wordpress\/wp-json\/wp\/v2\/pages\/233\/revisions\/1974"}],"up":[{"embeddable":true,"href":"https:\/\/vszellerndorf.ac.at\/wordpress\/wp-json\/wp\/v2\/pages\/64"}],"wp:attachment":[{"href":"https:\/\/vszellerndorf.ac.at\/wordpress\/wp-json\/wp\/v2\/media?parent=233"}],"curies":[{"name":"wp","href":"https:\/\/api.w.org\/{rel}","templated":true}]}}